{"id":50807,"date":"2021-07-30T11:44:06","date_gmt":"2021-07-30T09:44:06","guid":{"rendered":"https:\/\/arsmagna.live\/patrocinio-y-mecenazgo\/"},"modified":"2024-04-05T14:00:03","modified_gmt":"2024-04-05T12:00:03","slug":"mecenat","status":"publish","type":"page","link":"https:\/\/arsmagna.live\/fr\/mecenat\/","title":{"rendered":"Parrainage et m\u00e9c\u00e9nat"},"content":{"rendered":"<p><div class=\"fusion-fullwidth fullwidth-box fusion-builder-row-1 fusion-flex-container has-pattern-background has-mask-background fusion-parallax-none nonhundred-percent-fullwidth non-hundred-percent-height-scrolling fusion-no-small-visibility lazyload\" style=\"--awb-background-position:center top;--awb-border-radius-top-left:0px;--awb-border-radius-top-right:0px;--awb-border-radius-bottom-right:0px;--awb-border-radius-bottom-left:0px;--awb-padding-top:100px;--awb-padding-right:100px;--awb-padding-bottom:400px;--awb-padding-left:100px;--awb-background-color:rgba(0,0,0,0.15);--awb-background-size:cover;--awb-flex-wrap:wrap;\" data-bg=\"https:\/\/arsmagna.live\/wp-content\/uploads\/2021\/07\/ars-magna-patrocinio-mecenazgo-3-2.jpg\" ><div class=\"fusion-builder-row fusion-row fusion-flex-align-items-flex-start fusion-flex-content-wrap\" style=\"max-width:104%;margin-left: calc(-4% \/ 2 );margin-right: calc(-4% \/ 2 );\"><div class=\"fusion-layout-column fusion_builder_column fusion-builder-column-0 fusion_builder_column_1_1 1_1 fusion-flex-column\" style=\"--awb-bg-size:cover;--awb-width-large:100%;--awb-margin-top-large:150px;--awb-spacing-right-large:1.92%;--awb-margin-bottom-large:20px;--awb-spacing-left-large:1.92%;--awb-width-medium:100%;--awb-order-medium:0;--awb-spacing-right-medium:1.92%;--awb-spacing-left-medium:1.92%;--awb-width-small:100%;--awb-order-small:0;--awb-spacing-right-small:1.92%;--awb-spacing-left-small:1.92%;\"><div class=\"fusion-column-wrapper fusion-column-has-shadow fusion-flex-justify-content-flex-start fusion-content-layout-column\"><div class=\"fusion-title title fusion-title-1 fusion-sep-none fusion-title-center fusion-title-text fusion-title-size-one\"><h1 class=\"fusion-title-heading title-heading-center fusion-responsive-typography-calculated\" style=\"margin:0;--fontSize:48;line-height:1.2;\"><span style=\"color: #ffffff;\">Votre marque est aussi culture<\/span><\/h1><\/div><div class=\"fusion-text fusion-text-1\"><p style=\"text-align: justify;\"><span style=\"color: #ffffff;\">La culture est une valeur ajout\u00e9e, car la cr\u00e9ativit\u00e9 et le talent sont des valeurs s\u00fbres. Associez votre marque \u00e0 Ars Magna et participez \u00e0 un projet culturel qui va de la production artistique \u00e0 la conservation du patrimoine, avec la cr\u00e9ation de contenus de haute qualit\u00e9 qui distingueront votre identit\u00e9, refl\u00e9tant dans votre communication le soutien essentiel que vous offrez \u00e0 notre activit\u00e9.<\/span><\/p>\n<p style=\"text-align: justify;\"><span style=\"color: #ffffff;\">Si vous souhaitez ajouter votre marque \u00e0 notre programme de parrainage et de patronage, vous pouvez \u00e9crire \u00e0 admin (at) arsmagna.live en demandant les informations correspondant au type de collaboration que vous souhaitez r\u00e9aliser.<\/span><\/p>\n<\/div><\/div><\/div><\/div><\/div><div class=\"fusion-fullwidth fullwidth-box fusion-builder-row-2 fusion-flex-container faded-background fusion-parallax-none nonhundred-percent-fullwidth non-hundred-percent-height-scrolling fusion-no-medium-visibility fusion-no-large-visibility lazyload\" style=\"--awb-background-position:center top;--awb-border-radius-top-left:0px;--awb-border-radius-top-right:0px;--awb-border-radius-bottom-right:0px;--awb-border-radius-bottom-left:0px;--awb-padding-top:80px;--awb-padding-bottom:220px;--awb-background-size:cover;--awb-flex-wrap:wrap;\" data-bg=\"https:\/\/arsmagna.live\/wp-content\/uploads\/2021\/07\/ars-magna-patrocinio-mecenazgo-3-2.jpg\" ><div class=\"fullwidth-faded lazyload\" style=\"--awb-background-color:rgba(0,0,0,0.15);--awb-background-position:center top;--awb-background-size:cover;\" data-bg=\"https:\/\/arsmagna.live\/wp-content\/uploads\/2021\/07\/ars-magna-patrocinio-mecenazgo-3-2.jpg\" ><\/div><div class=\"fusion-builder-row fusion-row fusion-flex-align-items-flex-start fusion-flex-content-wrap\" style=\"max-width:104%;margin-left: calc(-4% \/ 2 );margin-right: calc(-4% \/ 2 );\"><div class=\"fusion-layout-column fusion_builder_column fusion-builder-column-1 fusion_builder_column_1_1 1_1 fusion-flex-column\" style=\"--awb-bg-size:cover;--awb-width-large:100%;--awb-margin-top-large:0px;--awb-spacing-right-large:1.92%;--awb-margin-bottom-large:20px;--awb-spacing-left-large:1.92%;--awb-width-medium:100%;--awb-order-medium:0;--awb-spacing-right-medium:1.92%;--awb-spacing-left-medium:1.92%;--awb-width-small:100%;--awb-order-small:0;--awb-spacing-right-small:1.92%;--awb-spacing-left-small:1.92%;\"><div class=\"fusion-column-wrapper fusion-column-has-shadow fusion-flex-justify-content-flex-start fusion-content-layout-column\"><div class=\"fusion-title title fusion-title-2 fusion-sep-none fusion-title-text fusion-title-size-three\"><h3 class=\"fusion-title-heading title-heading-left fusion-responsive-typography-calculated\" style=\"margin:0;--fontSize:28;line-height:1.1;\"><h3><span style=\"color: #ffffff;\">Votre marque est aussi culture<\/span><\/h3><\/h3><\/div><div class=\"fusion-text fusion-text-2\"><p style=\"text-align: justify;\"><span style=\"color: #ffffff;\">La culture est une valeur ajout\u00e9e, car la cr\u00e9ativit\u00e9 et le talent sont des valeurs s\u00fbres. Associez votre marque \u00e0 Ars Magna et participez \u00e0 un projet culturel qui va de la production artistique \u00e0 la conservation du patrimoine, avec la cr\u00e9ation de contenus de haute qualit\u00e9 qui distingueront votre identit\u00e9, refl\u00e9tant dans votre communication le soutien essentiel que vous offrez \u00e0 notre activit\u00e9.<\/span><\/p>\n<p style=\"text-align: justify;\"><span style=\"color: #ffffff;\">Si vous souhaitez ajouter votre marque \u00e0 notre programme de parrainage et de patronage, vous pouvez \u00e9crire \u00e0 admin (at) arsmagna.live en demandant les informations correspondant au type de collaboration que vous souhaitez r\u00e9aliser.<\/span><\/p>\n<\/div><\/div><\/div><\/div><\/div><\/p>\n","protected":false},"excerpt":{"rendered":"","protected":false},"author":1,"featured_media":126027,"parent":0,"menu_order":40,"comment_status":"closed","ping_status":"closed","template":"100-width.php","meta":{"footnotes":""},"class_list":["post-50807","page","type-page","status-publish","has-post-thumbnail","hentry"],"yoast_head":"<!-- This site is optimized with the Yoast SEO plugin v26.8 - https:\/\/yoast.com\/product\/yoast-seo-wordpress\/ -->\n<title>Parrainage et m\u00e9c\u00e9nat - ARS MAGNA<\/title>\n<meta name=\"robots\" content=\"index, follow, max-snippet:-1, max-image-preview:large, max-video-preview:-1\" \/>\n<link rel=\"canonical\" href=\"https:\/\/arsmagna.live\/fr\/mecenat\/\" \/>\n<meta property=\"og:locale\" content=\"fr_FR\" \/>\n<meta property=\"og:type\" content=\"article\" \/>\n<meta property=\"og:title\" content=\"Parrainage et m\u00e9c\u00e9nat - ARS MAGNA\" \/>\n<meta property=\"og:url\" content=\"https:\/\/arsmagna.live\/fr\/mecenat\/\" \/>\n<meta property=\"og:site_name\" content=\"ARS MAGNA\" \/>\n<meta property=\"article:publisher\" content=\"https:\/\/www.facebook.com\/arsmagna10\/?ref=bookmarks\" \/>\n<meta property=\"article:modified_time\" content=\"2024-04-05T12:00:03+00:00\" \/>\n<meta property=\"og:image\" content=\"https:\/\/arsmagna.live\/wp-content\/uploads\/2024\/04\/Requiem-Faure-Ars-Magna-9-1.jpg\" \/>\n\t<meta property=\"og:image:width\" content=\"1000\" \/>\n\t<meta property=\"og:image:height\" content=\"750\" \/>\n\t<meta property=\"og:image:type\" content=\"image\/jpeg\" \/>\n<meta name=\"twitter:card\" content=\"summary_large_image\" \/>\n<meta name=\"twitter:site\" content=\"@ValArsMagna\" \/>\n<meta name=\"twitter:label1\" content=\"Dur\u00e9e de lecture estim\u00e9e\" \/>\n\t<meta name=\"twitter:data1\" content=\"2 minutes\" \/>\n<script type=\"application\/ld+json\" class=\"yoast-schema-graph\">{\"@context\":\"https:\/\/schema.org\",\"@graph\":[{\"@type\":\"WebPage\",\"@id\":\"https:\/\/arsmagna.live\/fr\/mecenat\/\",\"url\":\"https:\/\/arsmagna.live\/fr\/mecenat\/\",\"name\":\"Parrainage et m\u00e9c\u00e9nat - ARS MAGNA\",\"isPartOf\":{\"@id\":\"https:\/\/arsmagna.live\/fr\/#website\"},\"primaryImageOfPage\":{\"@id\":\"https:\/\/arsmagna.live\/fr\/mecenat\/#primaryimage\"},\"image\":{\"@id\":\"https:\/\/arsmagna.live\/fr\/mecenat\/#primaryimage\"},\"thumbnailUrl\":\"https:\/\/arsmagna.live\/wp-content\/uploads\/2024\/02\/concierto-la-mision-ars-magna-5.jpg\",\"datePublished\":\"2021-07-30T09:44:06+00:00\",\"dateModified\":\"2024-04-05T12:00:03+00:00\",\"breadcrumb\":{\"@id\":\"https:\/\/arsmagna.live\/fr\/mecenat\/#breadcrumb\"},\"inLanguage\":\"fr-FR\",\"potentialAction\":[{\"@type\":\"ReadAction\",\"target\":[\"https:\/\/arsmagna.live\/fr\/mecenat\/\"]}]},{\"@type\":\"ImageObject\",\"inLanguage\":\"fr-FR\",\"@id\":\"https:\/\/arsmagna.live\/fr\/mecenat\/#primaryimage\",\"url\":\"https:\/\/arsmagna.live\/wp-content\/uploads\/2024\/02\/concierto-la-mision-ars-magna-5.jpg\",\"contentUrl\":\"https:\/\/arsmagna.live\/wp-content\/uploads\/2024\/02\/concierto-la-mision-ars-magna-5.jpg\",\"width\":1000,\"height\":671},{\"@type\":\"BreadcrumbList\",\"@id\":\"https:\/\/arsmagna.live\/fr\/mecenat\/#breadcrumb\",\"itemListElement\":[{\"@type\":\"ListItem\",\"position\":1,\"name\":\"Portada\",\"item\":\"https:\/\/arsmagna.live\/fr\/\"},{\"@type\":\"ListItem\",\"position\":2,\"name\":\"Parrainage et m\u00e9c\u00e9nat\"}]},{\"@type\":\"WebSite\",\"@id\":\"https:\/\/arsmagna.live\/fr\/#website\",\"url\":\"https:\/\/arsmagna.live\/fr\/\",\"name\":\"ARS MAGNA\",\"description\":\"Spectacle vivant\",\"publisher\":{\"@id\":\"https:\/\/arsmagna.live\/fr\/#organization\"},\"potentialAction\":[{\"@type\":\"SearchAction\",\"target\":{\"@type\":\"EntryPoint\",\"urlTemplate\":\"https:\/\/arsmagna.live\/fr\/?s={search_term_string}\"},\"query-input\":{\"@type\":\"PropertyValueSpecification\",\"valueRequired\":true,\"valueName\":\"search_term_string\"}}],\"inLanguage\":\"fr-FR\"},{\"@type\":\"Organization\",\"@id\":\"https:\/\/arsmagna.live\/fr\/#organization\",\"name\":\"ARS MAGNA\",\"url\":\"https:\/\/arsmagna.live\/fr\/\",\"logo\":{\"@type\":\"ImageObject\",\"inLanguage\":\"fr-FR\",\"@id\":\"https:\/\/arsmagna.live\/fr\/#\/schema\/logo\/image\/\",\"url\":\"https:\/\/arsmagna.live\/wp-content\/uploads\/2025\/03\/Ars-Magna.png\",\"contentUrl\":\"https:\/\/arsmagna.live\/wp-content\/uploads\/2025\/03\/Ars-Magna.png\",\"width\":64,\"height\":64,\"caption\":\"ARS MAGNA\"},\"image\":{\"@id\":\"https:\/\/arsmagna.live\/fr\/#\/schema\/logo\/image\/\"},\"sameAs\":[\"https:\/\/www.facebook.com\/arsmagna10\/?ref=bookmarks\",\"https:\/\/x.com\/ValArsMagna\"]}]}<\/script>\n<!-- \/ Yoast SEO plugin. -->","yoast_head_json":{"title":"Parrainage et m\u00e9c\u00e9nat - ARS MAGNA","robots":{"index":"index","follow":"follow","max-snippet":"max-snippet:-1","max-image-preview":"max-image-preview:large","max-video-preview":"max-video-preview:-1"},"canonical":"https:\/\/arsmagna.live\/fr\/mecenat\/","og_locale":"fr_FR","og_type":"article","og_title":"Parrainage et m\u00e9c\u00e9nat - ARS MAGNA","og_url":"https:\/\/arsmagna.live\/fr\/mecenat\/","og_site_name":"ARS MAGNA","article_publisher":"https:\/\/www.facebook.com\/arsmagna10\/?ref=bookmarks","article_modified_time":"2024-04-05T12:00:03+00:00","og_image":[{"width":1000,"height":750,"url":"https:\/\/arsmagna.live\/wp-content\/uploads\/2024\/04\/Requiem-Faure-Ars-Magna-9-1.jpg","type":"image\/jpeg"}],"twitter_card":"summary_large_image","twitter_site":"@ValArsMagna","twitter_misc":{"Dur\u00e9e de lecture estim\u00e9e":"2 minutes"},"schema":{"@context":"https:\/\/schema.org","@graph":[{"@type":"WebPage","@id":"https:\/\/arsmagna.live\/fr\/mecenat\/","url":"https:\/\/arsmagna.live\/fr\/mecenat\/","name":"Parrainage et m\u00e9c\u00e9nat - ARS MAGNA","isPartOf":{"@id":"https:\/\/arsmagna.live\/fr\/#website"},"primaryImageOfPage":{"@id":"https:\/\/arsmagna.live\/fr\/mecenat\/#primaryimage"},"image":{"@id":"https:\/\/arsmagna.live\/fr\/mecenat\/#primaryimage"},"thumbnailUrl":"https:\/\/arsmagna.live\/wp-content\/uploads\/2024\/02\/concierto-la-mision-ars-magna-5.jpg","datePublished":"2021-07-30T09:44:06+00:00","dateModified":"2024-04-05T12:00:03+00:00","breadcrumb":{"@id":"https:\/\/arsmagna.live\/fr\/mecenat\/#breadcrumb"},"inLanguage":"fr-FR","potentialAction":[{"@type":"ReadAction","target":["https:\/\/arsmagna.live\/fr\/mecenat\/"]}]},{"@type":"ImageObject","inLanguage":"fr-FR","@id":"https:\/\/arsmagna.live\/fr\/mecenat\/#primaryimage","url":"https:\/\/arsmagna.live\/wp-content\/uploads\/2024\/02\/concierto-la-mision-ars-magna-5.jpg","contentUrl":"https:\/\/arsmagna.live\/wp-content\/uploads\/2024\/02\/concierto-la-mision-ars-magna-5.jpg","width":1000,"height":671},{"@type":"BreadcrumbList","@id":"https:\/\/arsmagna.live\/fr\/mecenat\/#breadcrumb","itemListElement":[{"@type":"ListItem","position":1,"name":"Portada","item":"https:\/\/arsmagna.live\/fr\/"},{"@type":"ListItem","position":2,"name":"Parrainage et m\u00e9c\u00e9nat"}]},{"@type":"WebSite","@id":"https:\/\/arsmagna.live\/fr\/#website","url":"https:\/\/arsmagna.live\/fr\/","name":"ARS MAGNA","description":"Spectacle vivant","publisher":{"@id":"https:\/\/arsmagna.live\/fr\/#organization"},"potentialAction":[{"@type":"SearchAction","target":{"@type":"EntryPoint","urlTemplate":"https:\/\/arsmagna.live\/fr\/?s={search_term_string}"},"query-input":{"@type":"PropertyValueSpecification","valueRequired":true,"valueName":"search_term_string"}}],"inLanguage":"fr-FR"},{"@type":"Organization","@id":"https:\/\/arsmagna.live\/fr\/#organization","name":"ARS MAGNA","url":"https:\/\/arsmagna.live\/fr\/","logo":{"@type":"ImageObject","inLanguage":"fr-FR","@id":"https:\/\/arsmagna.live\/fr\/#\/schema\/logo\/image\/","url":"https:\/\/arsmagna.live\/wp-content\/uploads\/2025\/03\/Ars-Magna.png","contentUrl":"https:\/\/arsmagna.live\/wp-content\/uploads\/2025\/03\/Ars-Magna.png","width":64,"height":64,"caption":"ARS MAGNA"},"image":{"@id":"https:\/\/arsmagna.live\/fr\/#\/schema\/logo\/image\/"},"sameAs":["https:\/\/www.facebook.com\/arsmagna10\/?ref=bookmarks","https:\/\/x.com\/ValArsMagna"]}]}},"_links":{"self":[{"href":"https:\/\/arsmagna.live\/fr\/wp-json\/wp\/v2\/pages\/50807","targetHints":{"allow":["GET"]}}],"collection":[{"href":"https:\/\/arsmagna.live\/fr\/wp-json\/wp\/v2\/pages"}],"about":[{"href":"https:\/\/arsmagna.live\/fr\/wp-json\/wp\/v2\/types\/page"}],"author":[{"embeddable":true,"href":"https:\/\/arsmagna.live\/fr\/wp-json\/wp\/v2\/users\/1"}],"replies":[{"embeddable":true,"href":"https:\/\/arsmagna.live\/fr\/wp-json\/wp\/v2\/comments?post=50807"}],"version-history":[{"count":4,"href":"https:\/\/arsmagna.live\/fr\/wp-json\/wp\/v2\/pages\/50807\/revisions"}],"predecessor-version":[{"id":132404,"href":"https:\/\/arsmagna.live\/fr\/wp-json\/wp\/v2\/pages\/50807\/revisions\/132404"}],"wp:featuredmedia":[{"embeddable":true,"href":"https:\/\/arsmagna.live\/fr\/wp-json\/wp\/v2\/media\/126027"}],"wp:attachment":[{"href":"https:\/\/arsmagna.live\/fr\/wp-json\/wp\/v2\/media?parent=50807"}],"curies":[{"name":"wp","href":"https:\/\/api.w.org\/{rel}","templated":true}]}}