{"id":50794,"date":"2021-07-30T11:44:06","date_gmt":"2021-07-30T09:44:06","guid":{"rendered":"https:\/\/arsmagna.live\/patrocinio-y-mecenazgo\/"},"modified":"2024-04-05T13:58:30","modified_gmt":"2024-04-05T11:58:30","slug":"patrocinio-y-mecenazgo","status":"publish","type":"page","link":"https:\/\/arsmagna.live\/ca\/patrocinio-y-mecenazgo\/","title":{"rendered":"Patrocini i Mecenatge"},"content":{"rendered":"<p><div class=\"fusion-fullwidth fullwidth-box fusion-builder-row-1 fusion-flex-container has-pattern-background has-mask-background fusion-parallax-none nonhundred-percent-fullwidth non-hundred-percent-height-scrolling fusion-no-small-visibility lazyload\" style=\"--awb-background-position:center top;--awb-border-radius-top-left:0px;--awb-border-radius-top-right:0px;--awb-border-radius-bottom-right:0px;--awb-border-radius-bottom-left:0px;--awb-padding-top:100px;--awb-padding-right:100px;--awb-padding-bottom:400px;--awb-padding-left:100px;--awb-background-color:rgba(0,0,0,0.15);--awb-background-size:cover;--awb-flex-wrap:wrap;\" data-bg=\"https:\/\/arsmagna.live\/wp-content\/uploads\/2021\/07\/ars-magna-patrocinio-mecenazgo-3-2.jpg\" ><div class=\"fusion-builder-row fusion-row fusion-flex-align-items-flex-start fusion-flex-content-wrap\" style=\"max-width:104%;margin-left: calc(-4% \/ 2 );margin-right: calc(-4% \/ 2 );\"><div class=\"fusion-layout-column fusion_builder_column fusion-builder-column-0 fusion_builder_column_1_1 1_1 fusion-flex-column\" style=\"--awb-bg-size:cover;--awb-width-large:100%;--awb-margin-top-large:150px;--awb-spacing-right-large:1.92%;--awb-margin-bottom-large:20px;--awb-spacing-left-large:1.92%;--awb-width-medium:100%;--awb-order-medium:0;--awb-spacing-right-medium:1.92%;--awb-spacing-left-medium:1.92%;--awb-width-small:100%;--awb-order-small:0;--awb-spacing-right-small:1.92%;--awb-spacing-left-small:1.92%;\"><div class=\"fusion-column-wrapper fusion-column-has-shadow fusion-flex-justify-content-flex-start fusion-content-layout-column\"><div class=\"fusion-title title fusion-title-1 fusion-sep-none fusion-title-center fusion-title-text fusion-title-size-one\"><h1 class=\"fusion-title-heading title-heading-center fusion-responsive-typography-calculated\" style=\"margin:0;--fontSize:40;line-height:1.2;\"><span style=\"color: #ffffff;\">La teua marca tamb\u00e9 \u00e9s cultura<\/span><\/h1><\/div><div class=\"fusion-text fusion-text-1\"><p style=\"text-align: justify;\"><span style=\"color: #ffffff;\">La cultura \u00e9s un valor afegit, perqu\u00e8 la creativitat i el talent s\u00f3n valors segurs. Associa la teua marca a Ars Magna i participa en un projecte cultural que s&#8217;est\u00e9n des de la producci\u00f3 art\u00edstica fins a la conservaci\u00f3 de patrimoni, amb la creaci\u00f3 de continguts d&#8217;alt\u00edssima qualitat que singularizar\u00e1n la teua identitat, reflectint en la teua comunicaci\u00f3 l&#8217;essencial suport que ofereixes a la nostra activitat .<\/span><\/p>\n<p style=\"text-align: justify;\"><span style=\"color: #ffffff;\">Si vols adherir la teua marca al nostre Programa de Patrocini i Mecenatge, pots escriure a admin(arrova)arsmagna.live sol\u00b7licitant la informaci\u00f3 corresponent a l&#8217;tipus de col\u00b7laboraci\u00f3 que estiguis interessat a realitzar.<\/span><\/p>\n<\/div><\/div><\/div><\/div><\/div><div class=\"fusion-fullwidth fullwidth-box fusion-builder-row-2 fusion-flex-container faded-background fusion-parallax-none nonhundred-percent-fullwidth non-hundred-percent-height-scrolling fusion-no-medium-visibility fusion-no-large-visibility lazyload\" style=\"--awb-background-position:center top;--awb-border-radius-top-left:0px;--awb-border-radius-top-right:0px;--awb-border-radius-bottom-right:0px;--awb-border-radius-bottom-left:0px;--awb-padding-top:80px;--awb-padding-bottom:220px;--awb-background-size:cover;--awb-flex-wrap:wrap;\" data-bg=\"https:\/\/arsmagna.live\/wp-content\/uploads\/2021\/07\/ars-magna-patrocinio-mecenazgo-3-2.jpg\" ><div class=\"fullwidth-faded lazyload\" style=\"--awb-background-color:rgba(0,0,0,0.15);--awb-background-position:center top;--awb-background-size:cover;\" data-bg=\"https:\/\/arsmagna.live\/wp-content\/uploads\/2021\/07\/ars-magna-patrocinio-mecenazgo-3-2.jpg\" ><\/div><div class=\"fusion-builder-row fusion-row fusion-flex-align-items-flex-start fusion-flex-content-wrap\" style=\"max-width:104%;margin-left: calc(-4% \/ 2 );margin-right: calc(-4% \/ 2 );\"><div class=\"fusion-layout-column fusion_builder_column fusion-builder-column-1 fusion_builder_column_1_1 1_1 fusion-flex-column\" style=\"--awb-bg-size:cover;--awb-width-large:100%;--awb-margin-top-large:0px;--awb-spacing-right-large:1.92%;--awb-margin-bottom-large:20px;--awb-spacing-left-large:1.92%;--awb-width-medium:100%;--awb-order-medium:0;--awb-spacing-right-medium:1.92%;--awb-spacing-left-medium:1.92%;--awb-width-small:100%;--awb-order-small:0;--awb-spacing-right-small:1.92%;--awb-spacing-left-small:1.92%;\"><div class=\"fusion-column-wrapper fusion-column-has-shadow fusion-flex-justify-content-flex-start fusion-content-layout-column\"><div class=\"fusion-title title fusion-title-2 fusion-sep-none fusion-title-text fusion-title-size-three\"><h3 class=\"fusion-title-heading title-heading-left fusion-responsive-typography-calculated\" style=\"margin:0;--fontSize:28;line-height:1.1;\"><h3><span style=\"color: #ffffff;\">La teua marca tamb\u00e9 \u00e9s cultura<\/span><\/h3><\/h3><\/div><div class=\"fusion-text fusion-text-2\"><p style=\"text-align: justify;\"><span style=\"color: #ffffff;\">La cultura \u00e9s un valor afegit, perqu\u00e8 la creativitat i el talent s\u00f3n valors segurs. Associa la teua marca a Ars Magna i participa en un projecte cultural que s&#8217;est\u00e9n des de la producci\u00f3 art\u00edstica fins a la conservaci\u00f3 de patrimoni, amb la creaci\u00f3 de continguts d&#8217;alt\u00edssima qualitat que singularizar\u00e1n la teua identitat, reflectint en la teua comunicaci\u00f3 l&#8217;essencial suport que ofereixes a la nostra activitat .<\/span><\/p>\n<p style=\"text-align: justify;\"><span style=\"color: #ffffff;\">Si vols adherir la teua marca al nostre Programa de Patrocini i Mecenatge, pots escriure a admin(arrova)arsmagna.live sol\u00b7licitant la informaci\u00f3 corresponent a l&#8217;tipus de col\u00b7laboraci\u00f3 que estiguis interessat a realitzar.<\/span><\/p>\n<\/div><\/div><\/div><\/div><\/div><\/p>\n","protected":false},"excerpt":{"rendered":"","protected":false},"author":1,"featured_media":126025,"parent":0,"menu_order":40,"comment_status":"closed","ping_status":"closed","template":"100-width.php","meta":{"footnotes":""},"class_list":["post-50794","page","type-page","status-publish","has-post-thumbnail","hentry"],"yoast_head":"<!-- This site is optimized with the Yoast SEO plugin v26.8 - https:\/\/yoast.com\/product\/yoast-seo-wordpress\/ -->\n<title>Patrocini i Mecenatge - ARS MAGNA<\/title>\n<meta name=\"robots\" content=\"index, follow, max-snippet:-1, max-image-preview:large, max-video-preview:-1\" \/>\n<link rel=\"canonical\" href=\"https:\/\/arsmagna.live\/ca\/patrocinio-y-mecenazgo\/\" \/>\n<meta property=\"og:locale\" content=\"ca_ES\" \/>\n<meta property=\"og:type\" content=\"article\" \/>\n<meta property=\"og:title\" content=\"Patrocini i Mecenatge - ARS MAGNA\" \/>\n<meta property=\"og:url\" content=\"https:\/\/arsmagna.live\/ca\/patrocinio-y-mecenazgo\/\" \/>\n<meta property=\"og:site_name\" content=\"ARS MAGNA\" \/>\n<meta property=\"article:publisher\" content=\"https:\/\/www.facebook.com\/arsmagna10\/?ref=bookmarks\" \/>\n<meta property=\"article:modified_time\" content=\"2024-04-05T11:58:30+00:00\" \/>\n<meta property=\"og:image\" content=\"https:\/\/arsmagna.live\/wp-content\/uploads\/2024\/04\/Requiem-Faure-Ars-Magna-9-1.jpg\" \/>\n\t<meta property=\"og:image:width\" content=\"1000\" \/>\n\t<meta property=\"og:image:height\" content=\"750\" \/>\n\t<meta property=\"og:image:type\" content=\"image\/jpeg\" \/>\n<meta name=\"twitter:card\" content=\"summary_large_image\" \/>\n<meta name=\"twitter:site\" content=\"@ValArsMagna\" \/>\n<meta name=\"twitter:label1\" content=\"Temps estimat de lectura\" \/>\n\t<meta name=\"twitter:data1\" content=\"2 minuts\" \/>\n<script type=\"application\/ld+json\" class=\"yoast-schema-graph\">{\"@context\":\"https:\/\/schema.org\",\"@graph\":[{\"@type\":\"WebPage\",\"@id\":\"https:\/\/arsmagna.live\/ca\/patrocinio-y-mecenazgo\/\",\"url\":\"https:\/\/arsmagna.live\/ca\/patrocinio-y-mecenazgo\/\",\"name\":\"Patrocini i Mecenatge - ARS MAGNA\",\"isPartOf\":{\"@id\":\"https:\/\/arsmagna.live\/ca\/#website\"},\"primaryImageOfPage\":{\"@id\":\"https:\/\/arsmagna.live\/ca\/patrocinio-y-mecenazgo\/#primaryimage\"},\"image\":{\"@id\":\"https:\/\/arsmagna.live\/ca\/patrocinio-y-mecenazgo\/#primaryimage\"},\"thumbnailUrl\":\"https:\/\/arsmagna.live\/wp-content\/uploads\/2024\/02\/concierto-la-mision-ars-magna-5.jpg\",\"datePublished\":\"2021-07-30T09:44:06+00:00\",\"dateModified\":\"2024-04-05T11:58:30+00:00\",\"breadcrumb\":{\"@id\":\"https:\/\/arsmagna.live\/ca\/patrocinio-y-mecenazgo\/#breadcrumb\"},\"inLanguage\":\"ca\",\"potentialAction\":[{\"@type\":\"ReadAction\",\"target\":[\"https:\/\/arsmagna.live\/ca\/patrocinio-y-mecenazgo\/\"]}]},{\"@type\":\"ImageObject\",\"inLanguage\":\"ca\",\"@id\":\"https:\/\/arsmagna.live\/ca\/patrocinio-y-mecenazgo\/#primaryimage\",\"url\":\"https:\/\/arsmagna.live\/wp-content\/uploads\/2024\/02\/concierto-la-mision-ars-magna-5.jpg\",\"contentUrl\":\"https:\/\/arsmagna.live\/wp-content\/uploads\/2024\/02\/concierto-la-mision-ars-magna-5.jpg\",\"width\":1000,\"height\":671},{\"@type\":\"BreadcrumbList\",\"@id\":\"https:\/\/arsmagna.live\/ca\/patrocinio-y-mecenazgo\/#breadcrumb\",\"itemListElement\":[{\"@type\":\"ListItem\",\"position\":1,\"name\":\"Portada\",\"item\":\"https:\/\/arsmagna.live\/ca\/\"},{\"@type\":\"ListItem\",\"position\":2,\"name\":\"Patrocini i Mecenatge\"}]},{\"@type\":\"WebSite\",\"@id\":\"https:\/\/arsmagna.live\/ca\/#website\",\"url\":\"https:\/\/arsmagna.live\/ca\/\",\"name\":\"ARS MAGNA\",\"description\":\"Spectacle vivant\",\"publisher\":{\"@id\":\"https:\/\/arsmagna.live\/ca\/#organization\"},\"potentialAction\":[{\"@type\":\"SearchAction\",\"target\":{\"@type\":\"EntryPoint\",\"urlTemplate\":\"https:\/\/arsmagna.live\/ca\/?s={search_term_string}\"},\"query-input\":{\"@type\":\"PropertyValueSpecification\",\"valueRequired\":true,\"valueName\":\"search_term_string\"}}],\"inLanguage\":\"ca\"},{\"@type\":\"Organization\",\"@id\":\"https:\/\/arsmagna.live\/ca\/#organization\",\"name\":\"ARS MAGNA\",\"url\":\"https:\/\/arsmagna.live\/ca\/\",\"logo\":{\"@type\":\"ImageObject\",\"inLanguage\":\"ca\",\"@id\":\"https:\/\/arsmagna.live\/ca\/#\/schema\/logo\/image\/\",\"url\":\"https:\/\/arsmagna.live\/wp-content\/uploads\/2025\/03\/Ars-Magna.png\",\"contentUrl\":\"https:\/\/arsmagna.live\/wp-content\/uploads\/2025\/03\/Ars-Magna.png\",\"width\":64,\"height\":64,\"caption\":\"ARS MAGNA\"},\"image\":{\"@id\":\"https:\/\/arsmagna.live\/ca\/#\/schema\/logo\/image\/\"},\"sameAs\":[\"https:\/\/www.facebook.com\/arsmagna10\/?ref=bookmarks\",\"https:\/\/x.com\/ValArsMagna\"]}]}<\/script>\n<!-- \/ Yoast SEO plugin. -->","yoast_head_json":{"title":"Patrocini i Mecenatge - ARS MAGNA","robots":{"index":"index","follow":"follow","max-snippet":"max-snippet:-1","max-image-preview":"max-image-preview:large","max-video-preview":"max-video-preview:-1"},"canonical":"https:\/\/arsmagna.live\/ca\/patrocinio-y-mecenazgo\/","og_locale":"ca_ES","og_type":"article","og_title":"Patrocini i Mecenatge - ARS MAGNA","og_url":"https:\/\/arsmagna.live\/ca\/patrocinio-y-mecenazgo\/","og_site_name":"ARS MAGNA","article_publisher":"https:\/\/www.facebook.com\/arsmagna10\/?ref=bookmarks","article_modified_time":"2024-04-05T11:58:30+00:00","og_image":[{"width":1000,"height":750,"url":"https:\/\/arsmagna.live\/wp-content\/uploads\/2024\/04\/Requiem-Faure-Ars-Magna-9-1.jpg","type":"image\/jpeg"}],"twitter_card":"summary_large_image","twitter_site":"@ValArsMagna","twitter_misc":{"Temps estimat de lectura":"2 minuts"},"schema":{"@context":"https:\/\/schema.org","@graph":[{"@type":"WebPage","@id":"https:\/\/arsmagna.live\/ca\/patrocinio-y-mecenazgo\/","url":"https:\/\/arsmagna.live\/ca\/patrocinio-y-mecenazgo\/","name":"Patrocini i Mecenatge - ARS MAGNA","isPartOf":{"@id":"https:\/\/arsmagna.live\/ca\/#website"},"primaryImageOfPage":{"@id":"https:\/\/arsmagna.live\/ca\/patrocinio-y-mecenazgo\/#primaryimage"},"image":{"@id":"https:\/\/arsmagna.live\/ca\/patrocinio-y-mecenazgo\/#primaryimage"},"thumbnailUrl":"https:\/\/arsmagna.live\/wp-content\/uploads\/2024\/02\/concierto-la-mision-ars-magna-5.jpg","datePublished":"2021-07-30T09:44:06+00:00","dateModified":"2024-04-05T11:58:30+00:00","breadcrumb":{"@id":"https:\/\/arsmagna.live\/ca\/patrocinio-y-mecenazgo\/#breadcrumb"},"inLanguage":"ca","potentialAction":[{"@type":"ReadAction","target":["https:\/\/arsmagna.live\/ca\/patrocinio-y-mecenazgo\/"]}]},{"@type":"ImageObject","inLanguage":"ca","@id":"https:\/\/arsmagna.live\/ca\/patrocinio-y-mecenazgo\/#primaryimage","url":"https:\/\/arsmagna.live\/wp-content\/uploads\/2024\/02\/concierto-la-mision-ars-magna-5.jpg","contentUrl":"https:\/\/arsmagna.live\/wp-content\/uploads\/2024\/02\/concierto-la-mision-ars-magna-5.jpg","width":1000,"height":671},{"@type":"BreadcrumbList","@id":"https:\/\/arsmagna.live\/ca\/patrocinio-y-mecenazgo\/#breadcrumb","itemListElement":[{"@type":"ListItem","position":1,"name":"Portada","item":"https:\/\/arsmagna.live\/ca\/"},{"@type":"ListItem","position":2,"name":"Patrocini i Mecenatge"}]},{"@type":"WebSite","@id":"https:\/\/arsmagna.live\/ca\/#website","url":"https:\/\/arsmagna.live\/ca\/","name":"ARS MAGNA","description":"Spectacle vivant","publisher":{"@id":"https:\/\/arsmagna.live\/ca\/#organization"},"potentialAction":[{"@type":"SearchAction","target":{"@type":"EntryPoint","urlTemplate":"https:\/\/arsmagna.live\/ca\/?s={search_term_string}"},"query-input":{"@type":"PropertyValueSpecification","valueRequired":true,"valueName":"search_term_string"}}],"inLanguage":"ca"},{"@type":"Organization","@id":"https:\/\/arsmagna.live\/ca\/#organization","name":"ARS MAGNA","url":"https:\/\/arsmagna.live\/ca\/","logo":{"@type":"ImageObject","inLanguage":"ca","@id":"https:\/\/arsmagna.live\/ca\/#\/schema\/logo\/image\/","url":"https:\/\/arsmagna.live\/wp-content\/uploads\/2025\/03\/Ars-Magna.png","contentUrl":"https:\/\/arsmagna.live\/wp-content\/uploads\/2025\/03\/Ars-Magna.png","width":64,"height":64,"caption":"ARS MAGNA"},"image":{"@id":"https:\/\/arsmagna.live\/ca\/#\/schema\/logo\/image\/"},"sameAs":["https:\/\/www.facebook.com\/arsmagna10\/?ref=bookmarks","https:\/\/x.com\/ValArsMagna"]}]}},"_links":{"self":[{"href":"https:\/\/arsmagna.live\/ca\/wp-json\/wp\/v2\/pages\/50794","targetHints":{"allow":["GET"]}}],"collection":[{"href":"https:\/\/arsmagna.live\/ca\/wp-json\/wp\/v2\/pages"}],"about":[{"href":"https:\/\/arsmagna.live\/ca\/wp-json\/wp\/v2\/types\/page"}],"author":[{"embeddable":true,"href":"https:\/\/arsmagna.live\/ca\/wp-json\/wp\/v2\/users\/1"}],"replies":[{"embeddable":true,"href":"https:\/\/arsmagna.live\/ca\/wp-json\/wp\/v2\/comments?post=50794"}],"version-history":[{"count":5,"href":"https:\/\/arsmagna.live\/ca\/wp-json\/wp\/v2\/pages\/50794\/revisions"}],"predecessor-version":[{"id":132403,"href":"https:\/\/arsmagna.live\/ca\/wp-json\/wp\/v2\/pages\/50794\/revisions\/132403"}],"wp:featuredmedia":[{"embeddable":true,"href":"https:\/\/arsmagna.live\/ca\/wp-json\/wp\/v2\/media\/126025"}],"wp:attachment":[{"href":"https:\/\/arsmagna.live\/ca\/wp-json\/wp\/v2\/media?parent=50794"}],"curies":[{"name":"wp","href":"https:\/\/api.w.org\/{rel}","templated":true}]}}