{"id":2027,"date":"2018-10-09T20:28:43","date_gmt":"2018-10-09T20:28:43","guid":{"rendered":"https:\/\/arsmagna.live\/?page_id=2027"},"modified":"2021-02-03T10:48:33","modified_gmt":"2021-02-03T09:48:33","slug":"faqs","status":"publish","type":"page","link":"https:\/\/arsmagna.live\/ca\/faqs\/","title":{"rendered":"FAQs"},"content":{"rendered":"<div class=\"fusion-fullwidth fullwidth-box fusion-builder-row-1 nonhundred-percent-fullwidth non-hundred-percent-height-scrolling\" style=\"--awb-border-radius-top-left:0px;--awb-border-radius-top-right:0px;--awb-border-radius-bottom-right:0px;--awb-border-radius-bottom-left:0px;--awb-flex-wrap:wrap;\" ><div class=\"fusion-builder-row fusion-row\"><div class=\"fusion-layout-column fusion_builder_column fusion-builder-column-0 fusion_builder_column_1_1 1_1 fusion-one-full fusion-column-first fusion-column-last\" style=\"--awb-bg-size:cover;--awb-margin-bottom:0px;\"><div class=\"fusion-column-wrapper fusion-flex-column-wrapper-legacy\"><div class=\"fusion-title title fusion-title-1 fusion-sep-none fusion-title-text fusion-title-size-three\" style=\"--awb-margin-top-small:0px;--awb-margin-right-small:0px;--awb-margin-bottom-small:20px;--awb-margin-left-small:0px;\"><h3 class=\"fusion-title-heading title-heading-left fusion-responsive-typography-calculated\" style=\"margin:0;--fontSize:28;line-height:1.1;\">PREGUNTES M\u00c9S FREQ\u00dcENTS (VISITES GUIADES)<\/h3><\/div><div class=\"accordian fusion-accordian\" style=\"--awb-border-size:1px;--awb-icon-size:13px;--awb-content-font-size:15px;--awb-icon-alignment:left;--awb-hover-color:#f9f9f9;--awb-border-color:#cccccc;--awb-background-color:#000000;--awb-divider-color:#e0dede;--awb-divider-hover-color:#e0dede;--awb-icon-color:#ffffff;--awb-title-color:#ffffff;--awb-content-color:#ffffff;--awb-icon-box-color:#666666;--awb-toggle-hover-accent-color:#939393;--awb-title-font-family:&quot;Montserrat&quot;;--awb-title-font-weight:500;--awb-title-font-style:normal;--awb-content-font-family:&quot;Montserrat&quot;;--awb-content-font-style:normal;--awb-content-font-weight:regular;\"><div class=\"panel-group fusion-toggle-icon-boxed\" id=\"accordion-2027-1\"><div class=\"fusion-panel panel-default panel-08d71fefc3656b3dc fusion-toggle-has-divider\"><div class=\"panel-heading\"><h4 class=\"panel-title toggle\" id=\"toggle_08d71fefc3656b3dc\"><a aria-expanded=\"false\" aria-controls=\"08d71fefc3656b3dc\" role=\"button\" data-toggle=\"collapse\" data-parent=\"#accordion-2027-1\" data-target=\"#08d71fefc3656b3dc\" href=\"#08d71fefc3656b3dc\"><span class=\"fusion-toggle-icon-wrapper\" aria-hidden=\"true\"><i class=\"fa-fusion-box active-icon awb-icon-minus\" aria-hidden=\"true\"><\/i><i class=\"fa-fusion-box inactive-icon awb-icon-plus\" aria-hidden=\"true\"><\/i><\/span><span class=\"fusion-toggle-heading\">Puc reservar una visita guiada privada si som menys de 10 persones?<\/span><\/a><\/h4><\/div><div id=\"08d71fefc3656b3dc\" class=\"panel-collapse collapse \" aria-labelledby=\"toggle_08d71fefc3656b3dc\"><div class=\"panel-body toggle-content fusion-clearfix\">Per descomptat, pots reservar la teua visita per menys de 10 persones acollint-te a la tarifa \u00fanica de cada visita.<\/div><\/div><\/div><div class=\"fusion-panel panel-default panel-7210ccfb944a5bb31 fusion-toggle-has-divider\"><div class=\"panel-heading\"><h4 class=\"panel-title toggle\" id=\"toggle_7210ccfb944a5bb31\"><a aria-expanded=\"false\" aria-controls=\"7210ccfb944a5bb31\" role=\"button\" data-toggle=\"collapse\" data-parent=\"#accordion-2027-1\" data-target=\"#7210ccfb944a5bb31\" href=\"#7210ccfb944a5bb31\"><span class=\"fusion-toggle-icon-wrapper\" aria-hidden=\"true\"><i class=\"fa-fusion-box active-icon awb-icon-minus\" aria-hidden=\"true\"><\/i><i class=\"fa-fusion-box inactive-icon awb-icon-plus\" aria-hidden=\"true\"><\/i><\/span><span class=\"fusion-toggle-heading\">Hi han visites adaptades a cada curs escolar?<\/span><\/a><\/h4><\/div><div id=\"7210ccfb944a5bb31\" class=\"panel-collapse collapse \" aria-labelledby=\"toggle_7210ccfb944a5bb31\"><div class=\"panel-body toggle-content fusion-clearfix\">Desenvolupem i adaptem tots els nostres continguts al programa escolar. Pr\u00e8viament a la visita, el professor pot contactar amb el nostre equip per determinar els continguts m\u00e9s adequats per a la seua classe.<\/div><\/div><\/div><div class=\"fusion-panel panel-default panel-4095f1fae369a582f fusion-toggle-has-divider\"><div class=\"panel-heading\"><h4 class=\"panel-title toggle\" id=\"toggle_4095f1fae369a582f\"><a aria-expanded=\"false\" aria-controls=\"4095f1fae369a582f\" role=\"button\" data-toggle=\"collapse\" data-parent=\"#accordion-2027-1\" data-target=\"#4095f1fae369a582f\" href=\"#4095f1fae369a582f\"><span class=\"fusion-toggle-icon-wrapper\" aria-hidden=\"true\"><i class=\"fa-fusion-box active-icon awb-icon-minus\" aria-hidden=\"true\"><\/i><i class=\"fa-fusion-box inactive-icon awb-icon-plus\" aria-hidden=\"true\"><\/i><\/span><span class=\"fusion-toggle-heading\">Amb quanta antelaci\u00f3 he de presentar-me al monument o en el punt de trobada?<\/span><\/a><\/h4><\/div><div id=\"4095f1fae369a582f\" class=\"panel-collapse collapse \" aria-labelledby=\"toggle_4095f1fae369a582f\"><div class=\"panel-body toggle-content fusion-clearfix\">Et preguem arribis 10 minuts abans de l&#8217;hora de comen\u00e7ament per garantir la puntualitat i el desenvolupament de la visita. No \u00e9s necess\u00e0ria una major antelaci\u00f3 que et faci esperar massa.<\/div><\/div><\/div><div class=\"fusion-panel panel-default panel-99a955f818b064a0d fusion-toggle-has-divider\"><div class=\"panel-heading\"><h4 class=\"panel-title toggle\" id=\"toggle_99a955f818b064a0d\"><a aria-expanded=\"false\" aria-controls=\"99a955f818b064a0d\" role=\"button\" data-toggle=\"collapse\" data-parent=\"#accordion-2027-1\" data-target=\"#99a955f818b064a0d\" href=\"#99a955f818b064a0d\"><span class=\"fusion-toggle-icon-wrapper\" aria-hidden=\"true\"><i class=\"fa-fusion-box active-icon awb-icon-minus\" aria-hidden=\"true\"><\/i><i class=\"fa-fusion-box inactive-icon awb-icon-plus\" aria-hidden=\"true\"><\/i><\/span><span class=\"fusion-toggle-heading\">Poden venir nens a la visita guiada?<\/span><\/a><\/h4><\/div><div id=\"99a955f818b064a0d\" class=\"panel-collapse collapse \" aria-labelledby=\"toggle_99a955f818b064a0d\"><div class=\"panel-body toggle-content fusion-clearfix\">Poden venir nens. Els pares es responsabilitzaran de que no interrompin el desenvolupament de la visita.<\/div><\/div><\/div><div class=\"fusion-panel panel-default panel-fc5944c18f3ff16b2 fusion-toggle-has-divider\"><div class=\"panel-heading\"><h4 class=\"panel-title toggle\" id=\"toggle_fc5944c18f3ff16b2\"><a aria-expanded=\"false\" aria-controls=\"fc5944c18f3ff16b2\" role=\"button\" data-toggle=\"collapse\" data-parent=\"#accordion-2027-1\" data-target=\"#fc5944c18f3ff16b2\" href=\"#fc5944c18f3ff16b2\"><span class=\"fusion-toggle-icon-wrapper\" aria-hidden=\"true\"><i class=\"fa-fusion-box active-icon awb-icon-minus\" aria-hidden=\"true\"><\/i><i class=\"fa-fusion-box inactive-icon awb-icon-plus\" aria-hidden=\"true\"><\/i><\/span><span class=\"fusion-toggle-heading\">Com puc cancel\u00b7lar la meua reserva?<\/span><\/a><\/h4><\/div><div id=\"fc5944c18f3ff16b2\" class=\"panel-collapse collapse \" aria-labelledby=\"toggle_fc5944c18f3ff16b2\"><div class=\"panel-body toggle-content fusion-clearfix\">\n<p>Si et plau, si per causa de for\u00e7a major has de cancel\u00b7lar la teua reserva, envia&#8217;ns un e-mail a info(arroba)arsmagna.live. D&#8217;aquesta manera deixar\u00e0s la teua pla\u00e7a lliure per a altres persones que no hagin trobat pla\u00e7a.<\/p>\n<\/div><\/div><\/div><div class=\"fusion-panel panel-default panel-e302f88100e075636 fusion-toggle-has-divider\"><div class=\"panel-heading\"><h4 class=\"panel-title toggle\" id=\"toggle_e302f88100e075636\"><a aria-expanded=\"false\" aria-controls=\"e302f88100e075636\" role=\"button\" data-toggle=\"collapse\" data-parent=\"#accordion-2027-1\" data-target=\"#e302f88100e075636\" href=\"#e302f88100e075636\"><span class=\"fusion-toggle-icon-wrapper\" aria-hidden=\"true\"><i class=\"fa-fusion-box active-icon awb-icon-minus\" aria-hidden=\"true\"><\/i><i class=\"fa-fusion-box inactive-icon awb-icon-plus\" aria-hidden=\"true\"><\/i><\/span><span class=\"fusion-toggle-heading\">Hi ha algun descompte per a grups?<\/span><\/a><\/h4><\/div><div id=\"e302f88100e075636\" class=\"panel-collapse collapse \" aria-labelledby=\"toggle_e302f88100e075636\"><div class=\"panel-body toggle-content fusion-clearfix\">S\u00ed. A les nostres rutes guiades apliquem un escalat de tarifes en funci\u00f3 del nombre d&#8217;assistents.<\/div><\/div><\/div><\/div><\/div><div class=\"fusion-clearfix\"><\/div><\/div><\/div><\/div><\/div>\n","protected":false},"excerpt":{"rendered":"","protected":false},"author":1,"featured_media":0,"parent":0,"menu_order":101,"comment_status":"closed","ping_status":"closed","template":"","meta":{"footnotes":""},"class_list":["post-2027","page","type-page","status-publish","hentry"],"yoast_head":"<!-- This site is optimized with the Yoast SEO plugin v27.4 - https:\/\/yoast.com\/product\/yoast-seo-wordpress\/ -->\n<title>FAQs - ARS MAGNA<\/title>\n<meta name=\"robots\" content=\"index, follow, max-snippet:-1, max-image-preview:large, max-video-preview:-1\" \/>\n<link rel=\"canonical\" href=\"https:\/\/arsmagna.live\/ca\/faqs\/\" \/>\n<meta property=\"og:locale\" content=\"ca_ES\" \/>\n<meta property=\"og:type\" content=\"article\" \/>\n<meta property=\"og:title\" content=\"FAQs - ARS MAGNA\" \/>\n<meta property=\"og:url\" content=\"https:\/\/arsmagna.live\/ca\/faqs\/\" \/>\n<meta property=\"og:site_name\" content=\"ARS MAGNA\" \/>\n<meta property=\"article:publisher\" content=\"https:\/\/www.facebook.com\/arsmagna10\/?ref=bookmarks\" \/>\n<meta property=\"article:modified_time\" content=\"2021-02-03T09:48:33+00:00\" \/>\n<meta name=\"twitter:card\" content=\"summary_large_image\" \/>\n<meta name=\"twitter:site\" content=\"@ValArsMagna\" \/>\n<meta name=\"twitter:label1\" content=\"Temps estimat de lectura\" \/>\n\t<meta name=\"twitter:data1\" content=\"3 minuts\" \/>\n<script type=\"application\/ld+json\" class=\"yoast-schema-graph\">{\"@context\":\"https:\\\/\\\/schema.org\",\"@graph\":[{\"@type\":\"WebPage\",\"@id\":\"https:\\\/\\\/arsmagna.live\\\/ca\\\/faqs\\\/\",\"url\":\"https:\\\/\\\/arsmagna.live\\\/ca\\\/faqs\\\/\",\"name\":\"FAQs - ARS MAGNA\",\"isPartOf\":{\"@id\":\"https:\\\/\\\/arsmagna.live\\\/ca\\\/#website\"},\"datePublished\":\"2018-10-09T20:28:43+00:00\",\"dateModified\":\"2021-02-03T09:48:33+00:00\",\"breadcrumb\":{\"@id\":\"https:\\\/\\\/arsmagna.live\\\/ca\\\/faqs\\\/#breadcrumb\"},\"inLanguage\":\"ca\",\"potentialAction\":[{\"@type\":\"ReadAction\",\"target\":[\"https:\\\/\\\/arsmagna.live\\\/ca\\\/faqs\\\/\"]}]},{\"@type\":\"BreadcrumbList\",\"@id\":\"https:\\\/\\\/arsmagna.live\\\/ca\\\/faqs\\\/#breadcrumb\",\"itemListElement\":[{\"@type\":\"ListItem\",\"position\":1,\"name\":\"Portada\",\"item\":\"https:\\\/\\\/arsmagna.live\\\/ca\\\/\"},{\"@type\":\"ListItem\",\"position\":2,\"name\":\"FAQs\"}]},{\"@type\":\"WebSite\",\"@id\":\"https:\\\/\\\/arsmagna.live\\\/ca\\\/#website\",\"url\":\"https:\\\/\\\/arsmagna.live\\\/ca\\\/\",\"name\":\"ARS MAGNA\",\"description\":\"Spectacle vivant\",\"publisher\":{\"@id\":\"https:\\\/\\\/arsmagna.live\\\/ca\\\/#organization\"},\"potentialAction\":[{\"@type\":\"SearchAction\",\"target\":{\"@type\":\"EntryPoint\",\"urlTemplate\":\"https:\\\/\\\/arsmagna.live\\\/ca\\\/?s={search_term_string}\"},\"query-input\":{\"@type\":\"PropertyValueSpecification\",\"valueRequired\":true,\"valueName\":\"search_term_string\"}}],\"inLanguage\":\"ca\"},{\"@type\":\"Organization\",\"@id\":\"https:\\\/\\\/arsmagna.live\\\/ca\\\/#organization\",\"name\":\"ARS MAGNA\",\"url\":\"https:\\\/\\\/arsmagna.live\\\/ca\\\/\",\"logo\":{\"@type\":\"ImageObject\",\"inLanguage\":\"ca\",\"@id\":\"https:\\\/\\\/arsmagna.live\\\/ca\\\/#\\\/schema\\\/logo\\\/image\\\/\",\"url\":\"https:\\\/\\\/arsmagna.live\\\/wp-content\\\/uploads\\\/2025\\\/03\\\/Ars-Magna.png\",\"contentUrl\":\"https:\\\/\\\/arsmagna.live\\\/wp-content\\\/uploads\\\/2025\\\/03\\\/Ars-Magna.png\",\"width\":64,\"height\":64,\"caption\":\"ARS MAGNA\"},\"image\":{\"@id\":\"https:\\\/\\\/arsmagna.live\\\/ca\\\/#\\\/schema\\\/logo\\\/image\\\/\"},\"sameAs\":[\"https:\\\/\\\/www.facebook.com\\\/arsmagna10\\\/?ref=bookmarks\",\"https:\\\/\\\/x.com\\\/ValArsMagna\"]}]}<\/script>\n<!-- \/ Yoast SEO plugin. -->","yoast_head_json":{"title":"FAQs - ARS MAGNA","robots":{"index":"index","follow":"follow","max-snippet":"max-snippet:-1","max-image-preview":"max-image-preview:large","max-video-preview":"max-video-preview:-1"},"canonical":"https:\/\/arsmagna.live\/ca\/faqs\/","og_locale":"ca_ES","og_type":"article","og_title":"FAQs - ARS MAGNA","og_url":"https:\/\/arsmagna.live\/ca\/faqs\/","og_site_name":"ARS MAGNA","article_publisher":"https:\/\/www.facebook.com\/arsmagna10\/?ref=bookmarks","article_modified_time":"2021-02-03T09:48:33+00:00","twitter_card":"summary_large_image","twitter_site":"@ValArsMagna","twitter_misc":{"Temps estimat de lectura":"3 minuts"},"schema":{"@context":"https:\/\/schema.org","@graph":[{"@type":"WebPage","@id":"https:\/\/arsmagna.live\/ca\/faqs\/","url":"https:\/\/arsmagna.live\/ca\/faqs\/","name":"FAQs - ARS MAGNA","isPartOf":{"@id":"https:\/\/arsmagna.live\/ca\/#website"},"datePublished":"2018-10-09T20:28:43+00:00","dateModified":"2021-02-03T09:48:33+00:00","breadcrumb":{"@id":"https:\/\/arsmagna.live\/ca\/faqs\/#breadcrumb"},"inLanguage":"ca","potentialAction":[{"@type":"ReadAction","target":["https:\/\/arsmagna.live\/ca\/faqs\/"]}]},{"@type":"BreadcrumbList","@id":"https:\/\/arsmagna.live\/ca\/faqs\/#breadcrumb","itemListElement":[{"@type":"ListItem","position":1,"name":"Portada","item":"https:\/\/arsmagna.live\/ca\/"},{"@type":"ListItem","position":2,"name":"FAQs"}]},{"@type":"WebSite","@id":"https:\/\/arsmagna.live\/ca\/#website","url":"https:\/\/arsmagna.live\/ca\/","name":"ARS MAGNA","description":"Spectacle vivant","publisher":{"@id":"https:\/\/arsmagna.live\/ca\/#organization"},"potentialAction":[{"@type":"SearchAction","target":{"@type":"EntryPoint","urlTemplate":"https:\/\/arsmagna.live\/ca\/?s={search_term_string}"},"query-input":{"@type":"PropertyValueSpecification","valueRequired":true,"valueName":"search_term_string"}}],"inLanguage":"ca"},{"@type":"Organization","@id":"https:\/\/arsmagna.live\/ca\/#organization","name":"ARS MAGNA","url":"https:\/\/arsmagna.live\/ca\/","logo":{"@type":"ImageObject","inLanguage":"ca","@id":"https:\/\/arsmagna.live\/ca\/#\/schema\/logo\/image\/","url":"https:\/\/arsmagna.live\/wp-content\/uploads\/2025\/03\/Ars-Magna.png","contentUrl":"https:\/\/arsmagna.live\/wp-content\/uploads\/2025\/03\/Ars-Magna.png","width":64,"height":64,"caption":"ARS MAGNA"},"image":{"@id":"https:\/\/arsmagna.live\/ca\/#\/schema\/logo\/image\/"},"sameAs":["https:\/\/www.facebook.com\/arsmagna10\/?ref=bookmarks","https:\/\/x.com\/ValArsMagna"]}]}},"_links":{"self":[{"href":"https:\/\/arsmagna.live\/ca\/wp-json\/wp\/v2\/pages\/2027","targetHints":{"allow":["GET"]}}],"collection":[{"href":"https:\/\/arsmagna.live\/ca\/wp-json\/wp\/v2\/pages"}],"about":[{"href":"https:\/\/arsmagna.live\/ca\/wp-json\/wp\/v2\/types\/page"}],"author":[{"embeddable":true,"href":"https:\/\/arsmagna.live\/ca\/wp-json\/wp\/v2\/users\/1"}],"replies":[{"embeddable":true,"href":"https:\/\/arsmagna.live\/ca\/wp-json\/wp\/v2\/comments?post=2027"}],"version-history":[{"count":7,"href":"https:\/\/arsmagna.live\/ca\/wp-json\/wp\/v2\/pages\/2027\/revisions"}],"predecessor-version":[{"id":33601,"href":"https:\/\/arsmagna.live\/ca\/wp-json\/wp\/v2\/pages\/2027\/revisions\/33601"}],"wp:attachment":[{"href":"https:\/\/arsmagna.live\/ca\/wp-json\/wp\/v2\/media?parent=2027"}],"curies":[{"name":"wp","href":"https:\/\/api.w.org\/{rel}","templated":true}]}}